{"id":26,"date":"2025-05-07T17:09:59","date_gmt":"2025-05-07T17:09:59","guid":{"rendered":"https:\/\/aeclass.me\/alberto.valladares\/?page_id=26"},"modified":"2025-05-07T17:09:59","modified_gmt":"2025-05-07T17:09:59","slug":"inicio","status":"publish","type":"page","link":"https:\/\/aeclass.me\/alberto.valladares\/","title":{"rendered":"Inicio"},"content":{"rendered":"\n<p>\u00a1Te damos la bienvenida a tu sitio! Esta es tu p\u00e1gina de inicio, que es la que la mayor\u00eda de visitantes ver\u00e1n cuando vengan a tu sitio por primera vez.<\/p>\n","protected":false},"excerpt":{"rendered":"<p>\u00a1Te damos la bienvenida a tu sitio! Esta es tu p\u00e1gina de inicio, que es la que la mayor\u00eda de visitantes ver\u00e1n cuando vengan a tu sitio por primera vez.<\/p>\n","protected":false},"author":1,"featured_media":0,"parent":0,"menu_order":0,"comment_status":"closed","ping_status":"closed","template":"","meta":{"pagelayer_contact_templates":[],"_pagelayer_content":"","footnotes":""},"class_list":["post-26","page","type-page","status-publish","hentry"],"_links":{"self":[{"href":"https:\/\/aeclass.me\/alberto.valladares\/wp-json\/wp\/v2\/pages\/26","targetHints":{"allow":["GET"]}}],"collection":[{"href":"https:\/\/aeclass.me\/alberto.valladares\/wp-json\/wp\/v2\/pages"}],"about":[{"href":"https:\/\/aeclass.me\/alberto.valladares\/wp-json\/wp\/v2\/types\/page"}],"author":[{"embeddable":true,"href":"https:\/\/aeclass.me\/alberto.valladares\/wp-json\/wp\/v2\/users\/1"}],"replies":[{"embeddable":true,"href":"https:\/\/aeclass.me\/alberto.valladares\/wp-json\/wp\/v2\/comments?post=26"}],"version-history":[{"count":1,"href":"https:\/\/aeclass.me\/alberto.valladares\/wp-json\/wp\/v2\/pages\/26\/revisions"}],"predecessor-version":[{"id":32,"href":"https:\/\/aeclass.me\/alberto.valladares\/wp-json\/wp\/v2\/pages\/26\/revisions\/32"}],"wp:attachment":[{"href":"https:\/\/aeclass.me\/alberto.valladares\/wp-json\/wp\/v2\/media?parent=26"}],"curies":[{"name":"wp","href":"https:\/\/api.w.org\/{rel}","templated":true}]}}